{"id":351,"date":"2024-11-14T19:00:30","date_gmt":"2024-11-14T18:00:30","guid":{"rendered":"https:\/\/logrono.wordcamp.org\/2025\/?page_id=351"},"modified":"2025-05-07T15:31:38","modified_gmt":"2025-05-07T13:31:38","slug":"inicio","status":"publish","type":"page","link":"https:\/\/logrono.wordcamp.org\/2025\/","title":{"rendered":"Inicio"},"content":{"rendered":"\n<div class=\"wp-block-group alignfull clip-hero has-custom-bg-beige-background-color has-background has-global-padding is-layout-constrained wp-container-core-group-is-layout-9808ef54 wp-block-group-is-layout-constrained\" style=\"margin-top:0;margin-bottom:var(--wp--preset--spacing--10);padding-top:var(--wp--preset--spacing--20);padding-right:var(--wp--preset--spacing--60);padding-bottom:var(--wp--preset--spacing--20);padding-left:var(--wp--preset--spacing--60)\">\n<div class=\"wp-block-columns flex-column--reverse is-layout-flex wp-container-core-columns-is-layout-07e22ec5 wp-block-columns-is-layout-flex\">\n<div class=\"wp-block-column is-vertically-aligned-center is-layout-flow wp-block-column-is-layout-flow\" style=\"flex-basis:45%\">\n<h1 class=\"wp-block-heading\" style=\"font-size:clamp(2.31rem, 2.31rem + ((1vw - 0.2rem) * 3.695), 4.25rem);\">WordCamp Logro\u00f1o 2025<\/h1>\n\n\n\n<p class=\"has-custom-bg-cherry-color has-text-color has-link-color has-large-font-size wp-elements-1364082a125baf315bc023380bcab0ab wp-container-content-0733e5d0 wp-block-paragraph\">23 y 24 de mayo<\/p>\n\n\n\n<div class=\"wp-block-buttons hero-row-cta is-content-justification-center is-layout-flex wp-container-core-buttons-is-layout-0aa01211 wp-block-buttons-is-layout-flex\">\n<div class=\"wp-block-button hidde\"><a class=\"wp-block-button__link wp-element-button\" href=\"https:\/\/logrono.wordcamp.org\/2025\/comprar-entradas\/\">Comprar entrada<\/a><\/div>\n<\/div>\n<\/div>\n\n\n\n<div class=\"wp-block-column is-vertically-aligned-center is-layout-flow wp-block-column-is-layout-flow\" style=\"flex-basis:55%\">\n<figure class=\"wp-block-image size-full\" style=\"margin-bottom:var(--wp--preset--spacing--50)\"><img loading=\"lazy\" decoding=\"async\" width=\"512\" height=\"514\" src=\"https:\/\/logrono.wordcamp.org\/2025\/files\/2024\/12\/hero-image.png\" alt=\"Centro de la Cultura del Rioja\" class=\"wp-image-450\" srcset=\"https:\/\/logrono.wordcamp.org\/2025\/files\/2024\/12\/hero-image.png 512w, https:\/\/logrono.wordcamp.org\/2025\/files\/2024\/12\/hero-image-300x300.png 300w, https:\/\/logrono.wordcamp.org\/2025\/files\/2024\/12\/hero-image-150x150.png 150w, https:\/\/logrono.wordcamp.org\/2025\/files\/2024\/12\/hero-image-299x300.png 299w\" sizes=\"auto, (max-width: 512px) 100vw, 512px\" \/><\/figure>\n<\/div>\n<\/div>\n<\/div>\n\n\n\n<div class=\"wp-block-group alignwide z-10 has-global-padding is-layout-constrained wp-container-core-group-is-layout-060f8a8c wp-block-group-is-layout-constrained\" style=\"margin-top:-40px;margin-bottom:var(--wp--preset--spacing--30);padding-top:0;padding-right:0;padding-bottom:0;padding-left:0\">\n<div class=\"wp-block-columns alignwide box-home has-base-2-background-color has-background is-layout-flex wp-container-core-columns-is-layout-b4cf99ce wp-block-columns-is-layout-flex\" style=\"border-radius:6px;padding-top:var(--wp--preset--spacing--40);padding-right:var(--wp--preset--spacing--30);padding-bottom:var(--wp--preset--spacing--40);padding-left:var(--wp--preset--spacing--30)\">\n<div class=\"wp-block-column is-layout-flow wp-block-column-is-layout-flow\" style=\"flex-basis:33.33%\">\n<h2 class=\"wp-block-heading has-large-font-size\" style=\"margin-top:0;margin-bottom:0\">WordCamp Logro\u00f1o<\/h2>\n\n\n\n<p class=\"has-custom-bg-cherry-color has-text-color has-link-color has-large-font-size wp-elements-6be11434f2bb574be0511435d06c9a0b wp-block-paragraph\" style=\"margin-top:0;margin-bottom:0\">1\u00aa edici\u00f3n<\/p>\n<\/div>\n\n\n\n<div class=\"wp-block-column is-layout-flow wp-block-column-is-layout-flow\" style=\"flex-basis:66.66%\">\n<p class=\"wp-block-paragraph\">Una WordCamp es una gran oportunidad de aprender, conocer a nuevas personas y sumergirte en dos d\u00edas llenos de tecnolog\u00eda, innovaci\u00f3n y buenos momentos.<br><br>Por primera vez, este evento tendr\u00e1 lugar en Logro\u00f1o y esperamos contar contigo. En esta primera edici\u00f3n, te esperan ponencias, talleres y mucho networking con grandes profesionales del mundo digital.\u2028<\/p>\n\n\n\n<p class=\"wp-block-paragraph\">\u00bfNos acompa\u00f1as?<\/p>\n<\/div>\n<\/div>\n<\/div>\n\n\n\n<div class=\"wp-block-group alignwide has-global-padding is-layout-constrained wp-container-core-group-is-layout-9978883d wp-block-group-is-layout-constrained\" style=\"margin-top:0;margin-bottom:0;padding-top:0;padding-right:0;padding-bottom:0;padding-left:0\">\n<div class=\"wp-block-group alignfull is-vertical is-layout-flex wp-container-core-group-is-layout-6de0b722 wp-block-group-is-layout-flex\" style=\"margin-top:0;margin-bottom:0;padding-top:var(--wp--preset--spacing--30);padding-right:0;padding-bottom:var(--wp--preset--spacing--30);padding-left:0\">\n<h2 class=\"wp-block-heading\">Te estamos esperando<\/h2>\n\n\n\n<div class=\"wp-block-columns alignwide are-vertically-aligned-top is-layout-flex wp-container-core-columns-is-layout-ef10d34a wp-block-columns-is-layout-flex\">\n<div class=\"wp-block-column is-vertically-aligned-top clip-box-patrocinadores has-custom-bg-patros-background-color has-background is-layout-flow wp-block-column-is-layout-flow\" style=\"padding-top:0;padding-right:0;padding-bottom:0;padding-left:0;flex-basis:50%\">\n<div class=\"wp-block-group has-global-padding is-layout-constrained wp-container-core-group-is-layout-197b2658 wp-block-group-is-layout-constrained has-background\" style=\"padding-top:var(--wp--preset--spacing--30);padding-right:var(--wp--preset--spacing--20);padding-bottom:var(--wp--preset--spacing--30);padding-left:var(--wp--preset--spacing--20);background-image:url(&apos;https:\/\/logrono.wordcamp.org\/2025\/files\/2024\/12\/bg-box-patros.png&apos;);background-size:cover;\">\n<div class=\"wp-block-group is-vertical is-layout-flex wp-container-core-group-is-layout-1f3ad9c1 wp-block-group-is-layout-flex\" style=\"padding-top:var(--wp--preset--spacing--10);padding-bottom:var(--wp--preset--spacing--10)\">\n<h2 class=\"wp-block-heading has-base-2-color has-text-color has-link-color has-large-font-size wp-elements-78f262092b86843d26d3be1e2d3bedd4\">Patrocinadores<\/h2>\n\n\n\n<p class=\"has-base-2-color has-text-color has-link-color wp-elements-266b3438dfc37dde9b2a71cca07a50ca wp-block-paragraph\">Gracias a todos los patrocinadores, los colaboradores y a la comunidad local de WordPress es posible este evento.<\/p>\n\n\n\n<div class=\"wp-block-buttons is-layout-flex wp-block-buttons-is-layout-flex\">\n<div class=\"wp-block-button\"><a class=\"wp-block-button__link has-contrast-color has-base-2-background-color has-text-color has-background has-link-color wp-element-button\" href=\"https:\/\/logrono.wordcamp.org\/2025\/patrocinadores\/\">Ver patrocinadores<\/a><\/div>\n<\/div>\n<\/div>\n<\/div>\n<\/div>\n\n\n\n<div class=\"wp-block-column is-vertically-aligned-top clip-box-voluntarios has-custom-bg-voluntarios-background-color has-background is-layout-flow wp-block-column-is-layout-flow\" style=\"padding-top:0;padding-right:0;padding-bottom:0;padding-left:0;flex-basis:50%\">\n<div class=\"wp-block-group has-global-padding is-layout-constrained wp-container-core-group-is-layout-197b2658 wp-block-group-is-layout-constrained has-background\" style=\"padding-top:var(--wp--preset--spacing--30);padding-right:var(--wp--preset--spacing--20);padding-bottom:var(--wp--preset--spacing--30);padding-left:var(--wp--preset--spacing--20);background-image:url(&apos;https:\/\/logrono.wordcamp.org\/2025\/files\/2024\/12\/bg-box-ponentes.png&apos;);background-size:cover;\">\n<div class=\"wp-block-group is-vertical is-layout-flex wp-container-core-group-is-layout-1f3ad9c1 wp-block-group-is-layout-flex\" style=\"padding-top:var(--wp--preset--spacing--10);padding-bottom:var(--wp--preset--spacing--10)\">\n<h2 class=\"wp-block-heading has-base-2-color has-text-color has-link-color has-large-font-size wp-elements-8a046f18e3aaa9239c4cf28b45c2b0d6\">Programa<\/h2>\n\n\n\n<p class=\"has-base-2-color has-text-color has-link-color wp-elements-571cf8962bbae5c39805c6bcc88f8e06 wp-block-paragraph\">Estamos muy orgullosos del programa de esta primera edici\u00f3n de WordCamp Logro\u00f1o, dale un vistazo a la oferta de talleres y charlas.<\/p>\n\n\n\n<div class=\"wp-block-buttons is-layout-flex wp-block-buttons-is-layout-flex\">\n<div class=\"wp-block-button is-style-fill\"><a class=\"wp-block-button__link has-contrast-color has-base-2-background-color has-text-color has-background has-link-color has-border-color has-base-2-border-color wp-element-button\" href=\"https:\/\/logrono.wordcamp.org\/2025\/programa\/\" style=\"border-style:dashed;border-width:1px\">Ver programa<\/a><\/div>\n<\/div>\n<\/div>\n<\/div>\n<\/div>\n<\/div>\n<\/div>\n<\/div>\n\n\n\n<div class=\"wp-block-group alignwide has-global-padding is-layout-constrained wp-container-core-group-is-layout-04c6b2a5 wp-block-group-is-layout-constrained\" style=\"margin-top:0;margin-bottom:0;padding-top:var(--wp--preset--spacing--30);padding-right:0;padding-bottom:var(--wp--preset--spacing--30);padding-left:0\">\n<div class=\"wp-block-group alignwide is-vertical is-layout-flex wp-container-core-group-is-layout-186f59e1 wp-block-group-is-layout-flex\" style=\"padding-right:0;padding-left:0\">\n<h2 class=\"wp-block-heading\">Novedades<\/h2>\n\n\n\n<div style=\"height:0px\" aria-hidden=\"true\" class=\"wp-block-spacer wp-container-content-c0740251\"><\/div>\n\n\n\n<div class=\"wp-block-query is-layout-flow wp-block-query-is-layout-flow\"><ul class=\"wp-block-post-template is-layout-flow wp-block-post-template-is-layout-flow\"><li class=\"wp-block-post post-2692 post type-post status-publish format-standard has-post-thumbnail hentry category-noticias\">\n\n<div class=\"wp-block-columns alignwide are-vertically-aligned-center is-layout-flex wp-container-core-columns-is-layout-3a88641f wp-block-columns-is-layout-flex\">\n<div class=\"wp-block-column is-vertically-aligned-center is-layout-flow wp-container-core-column-is-layout-188acd66 wp-block-column-is-layout-flow\" style=\"border-style:none;border-width:0px;border-radius:0px;padding-right:0;padding-left:0;flex-basis:30%\"><figure style=\"padding-top:0;padding-bottom:0;\" class=\"wp-block-post-featured-image\"><a href=\"https:\/\/logrono.wordcamp.org\/2025\/cuando-la-comunidad-se-junta-pasan-cosas-magicas-y-wordcamp-logrono-lo-demostro\/\" target=\"_self\"  ><img loading=\"lazy\" decoding=\"async\" width=\"2048\" height=\"1365\" src=\"https:\/\/logrono.wordcamp.org\/2025\/files\/2025\/06\/54548101215_514d1bd045_k-1.jpg\" class=\"attachment-post-thumbnail size-post-thumbnail wp-post-image\" alt=\"Cuando la comunidad se junta, pasan cosas m\u00e1gicas\u2026 y WordCamp Logro\u00f1o lo demostr\u00f3\" style=\"border-radius:0px;border-style:none;border-width:0px;object-fit:cover;\" srcset=\"https:\/\/logrono.wordcamp.org\/2025\/files\/2025\/06\/54548101215_514d1bd045_k-1.jpg 2048w, https:\/\/logrono.wordcamp.org\/2025\/files\/2025\/06\/54548101215_514d1bd045_k-1-300x200.jpg 300w, https:\/\/logrono.wordcamp.org\/2025\/files\/2025\/06\/54548101215_514d1bd045_k-1-1024x683.jpg 1024w, https:\/\/logrono.wordcamp.org\/2025\/files\/2025\/06\/54548101215_514d1bd045_k-1-768x512.jpg 768w, https:\/\/logrono.wordcamp.org\/2025\/files\/2025\/06\/54548101215_514d1bd045_k-1-450x300.jpg 450w, https:\/\/logrono.wordcamp.org\/2025\/files\/2025\/06\/54548101215_514d1bd045_k-1-1536x1024.jpg 1536w\" sizes=\"auto, (max-width: 2048px) 100vw, 2048px\" \/><\/a><\/figure><\/div>\n\n\n\n<div class=\"wp-block-column is-vertically-aligned-center is-layout-flow wp-container-core-column-is-layout-d92bbc64 wp-block-column-is-layout-flow\" style=\"padding-right:0px;padding-left:0px;flex-basis:70%\"><h2 class=\"has-link-color wp-elements-ca40f610eae4ecce4d5edc7a154fbaaf wp-block-post-title has-text-color has-contrast-2-color has-large-font-size\"><a href=\"https:\/\/logrono.wordcamp.org\/2025\/cuando-la-comunidad-se-junta-pasan-cosas-magicas-y-wordcamp-logrono-lo-demostro\/\" target=\"_self\" >Cuando la comunidad se junta, pasan cosas m\u00e1gicas\u2026 y WordCamp Logro\u00f1o lo demostr\u00f3<\/a><\/h2>\n\n<div class=\"has-link-color wp-elements-295a17d82f6b03b1c225d3ade900a4ec wp-block-post-excerpt\"><p class=\"wp-block-post-excerpt__excerpt\">La primera edici\u00f3n de WordCamp Logro\u00f1o ha sido mucho m\u00e1s que un evento sobre WordPress: ha sido una explosi\u00f3n de energ\u00eda, comunidad y aprendizaje que a\u00fan resuena en quienes la vivimos. Queremos comenzar dando las gracias a todos los que vin\u00edsteis al Contributor Day, los nervios y la emoci\u00f3n se&hellip; <\/p><\/div><\/div>\n<\/div>\n\n<\/li><li class=\"wp-block-post post-2560 post type-post status-publish format-standard has-post-thumbnail hentry category-uncategorized\">\n\n<div class=\"wp-block-columns alignwide are-vertically-aligned-center is-layout-flex wp-container-core-columns-is-layout-3a88641f wp-block-columns-is-layout-flex\">\n<div class=\"wp-block-column is-vertically-aligned-center is-layout-flow wp-container-core-column-is-layout-188acd66 wp-block-column-is-layout-flow\" style=\"border-style:none;border-width:0px;border-radius:0px;padding-right:0;padding-left:0;flex-basis:30%\"><figure style=\"padding-top:0;padding-bottom:0;\" class=\"wp-block-post-featured-image\"><a href=\"https:\/\/logrono.wordcamp.org\/2025\/que-es-el-contributor-day-te-lo-contamos\/\" target=\"_self\"  ><img loading=\"lazy\" decoding=\"async\" width=\"799\" height=\"533\" src=\"https:\/\/logrono.wordcamp.org\/2025\/files\/2025\/05\/54333557948_1564326093_c.jpg\" class=\"attachment-post-thumbnail size-post-thumbnail wp-post-image\" alt=\"\u00bfQu\u00e9 es el Contributor Day? \u00a1Te lo contamos!\" style=\"border-radius:0px;border-style:none;border-width:0px;object-fit:cover;\" srcset=\"https:\/\/logrono.wordcamp.org\/2025\/files\/2025\/05\/54333557948_1564326093_c.jpg 799w, https:\/\/logrono.wordcamp.org\/2025\/files\/2025\/05\/54333557948_1564326093_c-300x200.jpg 300w, https:\/\/logrono.wordcamp.org\/2025\/files\/2025\/05\/54333557948_1564326093_c-768x512.jpg 768w, https:\/\/logrono.wordcamp.org\/2025\/files\/2025\/05\/54333557948_1564326093_c-450x300.jpg 450w\" sizes=\"auto, (max-width: 799px) 100vw, 799px\" \/><\/a><\/figure><\/div>\n\n\n\n<div class=\"wp-block-column is-vertically-aligned-center is-layout-flow wp-container-core-column-is-layout-d92bbc64 wp-block-column-is-layout-flow\" style=\"padding-right:0px;padding-left:0px;flex-basis:70%\"><h2 class=\"has-link-color wp-elements-ca40f610eae4ecce4d5edc7a154fbaaf wp-block-post-title has-text-color has-contrast-2-color has-large-font-size\"><a href=\"https:\/\/logrono.wordcamp.org\/2025\/que-es-el-contributor-day-te-lo-contamos\/\" target=\"_self\" >\u00bfQu\u00e9 es el Contributor Day? \u00a1Te lo contamos!<\/a><\/h2>\n\n<div class=\"has-link-color wp-elements-295a17d82f6b03b1c225d3ade900a4ec wp-block-post-excerpt\"><p class=\"wp-block-post-excerpt__excerpt\">Si has o\u00eddo hablar del Contributor Day pero no tienes del todo claro en qu\u00e9 consiste o si es para ti\u2026 \u00a1sigue leyendo! Te resolvemos las dudas m\u00e1s comunes sobre uno de los d\u00edas m\u00e1s especiales de cualquier WordCamp \ud83d\udcbb \u00bfQu\u00e9 es el Contributor Day? El Contributor Day es una&hellip; <\/p><\/div><\/div>\n<\/div>\n\n<\/li><li class=\"wp-block-post post-2338 post type-post status-publish format-standard has-post-thumbnail hentry category-uncategorized\">\n\n<div class=\"wp-block-columns alignwide are-vertically-aligned-center is-layout-flex wp-container-core-columns-is-layout-3a88641f wp-block-columns-is-layout-flex\">\n<div class=\"wp-block-column is-vertically-aligned-center is-layout-flow wp-container-core-column-is-layout-188acd66 wp-block-column-is-layout-flow\" style=\"border-style:none;border-width:0px;border-radius:0px;padding-right:0;padding-left:0;flex-basis:30%\"><figure style=\"padding-top:0;padding-bottom:0;\" class=\"wp-block-post-featured-image\"><a href=\"https:\/\/logrono.wordcamp.org\/2025\/wordcamp-logrono-para-principiantes-todo-lo-que-necesitas-saber\/\" target=\"_self\"  ><img loading=\"lazy\" decoding=\"async\" width=\"1296\" height=\"727\" src=\"https:\/\/logrono.wordcamp.org\/2025\/files\/2025\/04\/wordcamp-principiantes.jpg\" class=\"attachment-post-thumbnail size-post-thumbnail wp-post-image\" alt=\"WordCamp Logro\u00f1o para principiantes: \u00a1todo lo que necesitas saber!\" style=\"border-radius:0px;border-style:none;border-width:0px;object-fit:cover;\" srcset=\"https:\/\/logrono.wordcamp.org\/2025\/files\/2025\/04\/wordcamp-principiantes.jpg 1296w, https:\/\/logrono.wordcamp.org\/2025\/files\/2025\/04\/wordcamp-principiantes-300x168.jpg 300w, https:\/\/logrono.wordcamp.org\/2025\/files\/2025\/04\/wordcamp-principiantes-1024x574.jpg 1024w, https:\/\/logrono.wordcamp.org\/2025\/files\/2025\/04\/wordcamp-principiantes-768x431.jpg 768w, https:\/\/logrono.wordcamp.org\/2025\/files\/2025\/04\/wordcamp-principiantes-500x280.jpg 500w\" sizes=\"auto, (max-width: 1296px) 100vw, 1296px\" \/><\/a><\/figure><\/div>\n\n\n\n<div class=\"wp-block-column is-vertically-aligned-center is-layout-flow wp-container-core-column-is-layout-d92bbc64 wp-block-column-is-layout-flow\" style=\"padding-right:0px;padding-left:0px;flex-basis:70%\"><h2 class=\"has-link-color wp-elements-ca40f610eae4ecce4d5edc7a154fbaaf wp-block-post-title has-text-color has-contrast-2-color has-large-font-size\"><a href=\"https:\/\/logrono.wordcamp.org\/2025\/wordcamp-logrono-para-principiantes-todo-lo-que-necesitas-saber\/\" target=\"_self\" >WordCamp Logro\u00f1o para principiantes: \u00a1todo lo que necesitas saber!<\/a><\/h2>\n\n<div class=\"has-link-color wp-elements-295a17d82f6b03b1c225d3ade900a4ec wp-block-post-excerpt\"><p class=\"wp-block-post-excerpt__excerpt\">\u00bfEs tu primera vez en una WordCamp? \u00a1No te preocupes! Sabemos que asistir por primera vez puede ser emocionante y algo abrumador, pero estamos aqu\u00ed para ayudarte a sacarle el m\u00e1ximo partido a la experiencia. En esta gu\u00eda encontrar\u00e1s respuestas a las preguntas m\u00e1s comunes que suelen tener los asistentes&hellip; <\/p><\/div><\/div>\n<\/div>\n\n<\/li><\/ul><\/div>\n<\/div>\n<\/div>\n","protected":false},"excerpt":{"rendered":"<p>WordCamp Logro\u00f1o 2025 23 y 24 de mayo WordCamp Logro\u00f1o 1\u00aa edici\u00f3n Una WordCamp es una gran oportunidad de aprender, conocer a nuevas personas y sumergirte en dos d\u00edas llenos de tecnolog\u00eda, innovaci\u00f3n y buenos momentos. Por primera vez, este evento tendr\u00e1 lugar en Logro\u00f1o y esperamos contar contigo. En esta primera edici\u00f3n, te esperan [&hellip;]<\/p>\n","protected":false},"author":21165322,"featured_media":0,"parent":0,"menu_order":0,"comment_status":"closed","ping_status":"closed","template":"","meta":{"_crdt_document":"","jetpack_post_was_ever_published":false,"footnotes":""},"class_list":["post-351","page","type-page","status-publish","hentry"],"jetpack_sharing_enabled":true,"_links":{"self":[{"href":"https:\/\/logrono.wordcamp.org\/2025\/wp-json\/wp\/v2\/pages\/351","targetHints":{"allow":["GET"]}}],"collection":[{"href":"https:\/\/logrono.wordcamp.org\/2025\/wp-json\/wp\/v2\/pages"}],"about":[{"href":"https:\/\/logrono.wordcamp.org\/2025\/wp-json\/wp\/v2\/types\/page"}],"author":[{"embeddable":true,"href":"https:\/\/logrono.wordcamp.org\/2025\/wp-json\/wp\/v2\/users\/21165322"}],"replies":[{"embeddable":true,"href":"https:\/\/logrono.wordcamp.org\/2025\/wp-json\/wp\/v2\/comments?post=351"}],"version-history":[{"count":182,"href":"https:\/\/logrono.wordcamp.org\/2025\/wp-json\/wp\/v2\/pages\/351\/revisions"}],"predecessor-version":[{"id":2468,"href":"https:\/\/logrono.wordcamp.org\/2025\/wp-json\/wp\/v2\/pages\/351\/revisions\/2468"}],"wp:attachment":[{"href":"https:\/\/logrono.wordcamp.org\/2025\/wp-json\/wp\/v2\/media?parent=351"}],"curies":[{"name":"wp","href":"https:\/\/api.w.org\/{rel}","templated":true}]}}