{"id":2056,"date":"2025-04-17T19:04:17","date_gmt":"2025-04-17T17:04:17","guid":{"rendered":"https:\/\/logrono.wordcamp.org\/2025\/?page_id=2056"},"modified":"2025-04-17T19:17:06","modified_gmt":"2025-04-17T17:17:06","slug":"hoteles-y-descuentos","status":"publish","type":"page","link":"https:\/\/logrono.wordcamp.org\/2025\/hoteles-y-descuentos\/","title":{"rendered":"Hoteles y descuentos"},"content":{"rendered":"\n<div class=\"wp-block-group alignfull clip-hero has-custom-bg-beige-background-color has-background has-global-padding is-layout-constrained wp-container-core-group-is-layout-8a2b1b76 wp-block-group-is-layout-constrained\" style=\"padding-top:var(--wp--preset--spacing--50);padding-right:var(--wp--preset--spacing--50);padding-bottom:var(--wp--preset--spacing--50);padding-left:var(--wp--preset--spacing--50)\">\n<div class=\"wp-block-group has-global-padding is-layout-constrained wp-container-core-group-is-layout-2bf980eb wp-block-group-is-layout-constrained\">\n<h1 class=\"wp-block-heading has-text-align-center has-xx-large-font-size\">Hoteles y descuentos<\/h1>\n\n\n\n<div style=\"height:1.25rem\" aria-hidden=\"true\" class=\"wp-block-spacer\"><\/div>\n\n\n\n<p class=\"has-text-align-center has-contrast-2-color has-text-color has-link-color wp-elements-794543804deb33391e245f4e1031b4a1 wp-block-paragraph\">WordCamp Logro\u00f1o 2025<\/p>\n<\/div>\n<\/div>\n\n\n\n<p class=\"wp-block-paragraph\">Si vienes a WordCamp Logro\u00f1o, \u00a1tenemos buenas noticias!<br>Hemos cerrado acuerdos con alojamientos y experiencias locales para que disfrutes de tu estancia con descuentos exclusivos por ser parte de la comunidad WordPress.<\/p>\n\n\n\n<h2 class=\"wp-block-heading\">Alojamiento en <em>Hostal La Numantina<\/em><\/h2>\n\n\n\n<p class=\"wp-block-paragraph\"><a href=\"https:\/\/hostalnumantina.es\">La Numantina<\/a> es un alojamiento c\u00e9ntrico, c\u00f3modo y con encanto. Si te identificas como asistente a WordCamp Logro\u00f1o al hacer la reserva, te aplicar\u00e1n una tarifa especial.<\/p>\n\n\n\n<p class=\"wp-block-paragraph\"><strong>Disponibilidad actual (actualizado al 16 de abril):<\/strong><\/p>\n\n\n\n<ul class=\"wp-block-list\">\n<li>4 habitaciones <strong>triples<\/strong>: 140\u202f\u20ac\/noche<\/li>\n\n\n\n<li>1 habitaci\u00f3n <strong>cu\u00e1druple<\/strong>: 160\u202f\u20ac\/noche<\/li>\n<\/ul>\n\n\n\n<p class=\"wp-block-paragraph\">Reserva directamente contactando con el alojamiento al <strong>941 25 14 11<\/strong> o por email a <a href=\"mailto:reservas@hostalnumantina.es\">reservas@hostalnumantina.es<\/a> y mencionando que asistes a la WorldCamp.<\/p>\n\n\n\n<p class=\"wp-block-paragraph\"><em>\ud83d\udccd C\/ Sagasta, 4, Logro\u00f1o, La Rioja.<\/em><\/p>\n\n\n\n<div class=\"mapouter\"><div class=\"gmap_canvas\"><div class=\"googlemaps\">\n\t\t\t\t<iframe loading=\"lazy\" width=\"600\" height=\"500\" frameborder=\"0\" scrolling=\"no\" marginheight=\"0\" marginwidth=\"0\"  src=\"https:\/\/maps.google.com\/maps?q=hostal%20la%20numantina%20logro\u00f1o&#038;t=&#038;z=19&#038;ie=UTF8&#038;iwloc=&#038;output=embed\"><\/iframe>\n\t\t\t<\/div><\/div><\/div>\n\n\n\n<h3 class=\"wp-block-heading\">Alojamiento en <em>Hotel FyG Logro\u00f1o<\/em><\/h3>\n\n\n\n<p class=\"wp-block-paragraph\">Un hotel moderno y bien ubicado, ideal para descansar tras una jornada intensa de WordCamp.<\/p>\n\n\n\n<p class=\"wp-block-paragraph\"><a href=\"https:\/\/www.fglogrono-hotel.com\/es\/\">Reserva a trav\u00e9s de su web<\/a> e introduce el c\u00f3digo promocional <strong>OFERTA10<\/strong> en la casilla correspondiente al reservar. Se aplicar\u00e1 un <strong>10\u202f% de descuento adicional<\/strong> sobre el mejor precio disponible en ese momento.<\/p>\n\n\n\n<p class=\"wp-block-paragraph\"><em>\ud83d\udccd Avenida de Viana n \u00ba 2-6, Logro\u00f1o, La Rioja.<\/em><\/p>\n\n\n\n<div class=\"mapouter\"><div class=\"gmap_canvas\"><div class=\"googlemaps\">\n\t\t\t\t<iframe loading=\"lazy\" width=\"600\" height=\"500\" frameborder=\"0\" scrolling=\"no\" marginheight=\"0\" marginwidth=\"0\"  src=\"https:\/\/maps.google.com\/maps?q=Avenida%20de%20Viana%20n%20\u00ba%202-6&#038;t=&#038;z=19&#038;ie=UTF8&#038;iwloc=&#038;output=embed\"><\/iframe>\n\t\t\t<\/div><\/div><\/div>\n\n\n\n<h3 class=\"wp-block-heading\">Experiencia en <em>Bodegas Franco-Espa\u00f1olas<\/em><\/h3>\n\n\n\n<p class=\"wp-block-paragraph\">Aprovecha tu visita a La Rioja para hacer una <strong>cata de vinos<\/strong> en una de las bodegas m\u00e1s emblem\u00e1ticas de la ciudad de Logro\u00f1o.<\/p>\n\n\n\n<p class=\"wp-block-paragraph\"><br>Bodegas Franco-Espa\u00f1olas te ofrece un descuento exclusivo para la visita guiada + degustaci\u00f3n de 2 vinos.<\/p>\n\n\n\n<p class=\"wp-block-paragraph\">Reserva directamente desde su web <a href=\"https:\/\/www.francoespanolas.com\/\">www.francoespanolas.co<\/a>m con el c\u00f3digo de descuento <strong>WORDCAMP 2025 <\/strong>(s\u00ed, con espacio incluido).&nbsp;<\/p>\n\n\n\n<figure class=\"wp-block-image\"><img decoding=\"async\" src=\"https:\/\/lh7-rt.googleusercontent.com\/docsz\/AD_4nXfXt0c3_zgoDhcnGD5_lTEyPVn0kMrX_D1RTpErWU8U1r9CxJdk554viaksD6W3q6jF8zPCAvV1gDknT3czi06Lm2wZF6XrT98tW6DqsYU5rdF2pUCNPqlrduPHEJ1vNQwizpO19Q?key=xEYrUBoXZBl6VJ-m4nTNvyMb\" alt=\"\" \/><\/figure>\n\n\n\n<div class=\"mapouter\"><div class=\"gmap_canvas\"><div class=\"googlemaps\">\n\t\t\t\t<iframe loading=\"lazy\" width=\"600\" height=\"500\" frameborder=\"0\" scrolling=\"no\" marginheight=\"0\" marginwidth=\"0\"  src=\"https:\/\/maps.google.com\/maps?q=Bodegas%20Franco-Espa\u00f1olas&#038;t=&#038;z=19&#038;ie=UTF8&#038;iwloc=&#038;output=embed\"><\/iframe>\n\t\t\t<\/div><\/div><\/div>\n\n\n\n<p class=\"wp-block-paragraph\"><strong><em>\u00bfRepresentas a un alojamiento o comercio local y te gustar\u00eda sumarte con una promoci\u00f3n?<\/em><\/strong><\/p>\n\n\n\n<p class=\"wp-block-paragraph\">Escr\u00edbenos a <a href=\"mailto:logrono@wordcamp.org\">logrono@wordcamp.org<\/a> y cu\u00e9ntanos tu idea.<\/p>\n","protected":false},"excerpt":{"rendered":"<p>Hoteles y descuentos WordCamp Logro\u00f1o 2025 Si vienes a WordCamp Logro\u00f1o, \u00a1tenemos buenas noticias!Hemos cerrado acuerdos con alojamientos y experiencias locales para que disfrutes de tu estancia con descuentos exclusivos por ser parte de la comunidad WordPress. Alojamiento en Hostal La Numantina La Numantina es un alojamiento c\u00e9ntrico, c\u00f3modo y con encanto. Si te identificas [&hellip;]<\/p>\n","protected":false},"author":23230587,"featured_media":0,"parent":0,"menu_order":0,"comment_status":"closed","ping_status":"closed","template":"","meta":{"_crdt_document":"","jetpack_post_was_ever_published":false,"footnotes":""},"class_list":["post-2056","page","type-page","status-publish","hentry"],"jetpack_sharing_enabled":true,"_links":{"self":[{"href":"https:\/\/logrono.wordcamp.org\/2025\/wp-json\/wp\/v2\/pages\/2056","targetHints":{"allow":["GET"]}}],"collection":[{"href":"https:\/\/logrono.wordcamp.org\/2025\/wp-json\/wp\/v2\/pages"}],"about":[{"href":"https:\/\/logrono.wordcamp.org\/2025\/wp-json\/wp\/v2\/types\/page"}],"author":[{"embeddable":true,"href":"https:\/\/logrono.wordcamp.org\/2025\/wp-json\/wp\/v2\/users\/23230587"}],"replies":[{"embeddable":true,"href":"https:\/\/logrono.wordcamp.org\/2025\/wp-json\/wp\/v2\/comments?post=2056"}],"version-history":[{"count":12,"href":"https:\/\/logrono.wordcamp.org\/2025\/wp-json\/wp\/v2\/pages\/2056\/revisions"}],"predecessor-version":[{"id":2068,"href":"https:\/\/logrono.wordcamp.org\/2025\/wp-json\/wp\/v2\/pages\/2056\/revisions\/2068"}],"wp:attachment":[{"href":"https:\/\/logrono.wordcamp.org\/2025\/wp-json\/wp\/v2\/media?parent=2056"}],"curies":[{"name":"wp","href":"https:\/\/api.w.org\/{rel}","templated":true}]}}