{"id":1647,"date":"2025-04-06T15:41:58","date_gmt":"2025-04-06T13:41:58","guid":{"rendered":"https:\/\/logrono.wordcamp.org\/2025\/?page_id=1647"},"modified":"2025-04-25T10:43:23","modified_gmt":"2025-04-25T08:43:23","slug":"ludoteca","status":"publish","type":"page","link":"https:\/\/logrono.wordcamp.org\/2025\/ludoteca\/","title":{"rendered":"Ludoteca"},"content":{"rendered":"\n<div class=\"wp-block-group alignfull clip-hero has-custom-bg-beige-background-color has-background has-global-padding is-layout-constrained wp-container-core-group-is-layout-8a2b1b76 wp-block-group-is-layout-constrained\" style=\"padding-top:var(--wp--preset--spacing--50);padding-right:var(--wp--preset--spacing--50);padding-bottom:var(--wp--preset--spacing--50);padding-left:var(--wp--preset--spacing--50)\">\n<div class=\"wp-block-group has-global-padding is-layout-constrained wp-container-core-group-is-layout-4b0e3702 wp-block-group-is-layout-constrained\">\n<h1 class=\"wp-block-heading has-text-align-center has-xx-large-font-size\">Ludoteca<\/h1>\n\n\n\n<div style=\"height:1.25rem\" aria-hidden=\"true\" class=\"wp-block-spacer\"><\/div>\n\n\n\n<p class=\"has-text-align-center has-contrast-2-color has-text-color has-link-color wp-elements-0cf43fd493835040ded8b1258fa8412a wp-block-paragraph\">WordCamp Logro\u00f1o 2025<\/p>\n<\/div>\n<\/div>\n\n\n\n<div class=\"wp-block-group has-global-padding is-layout-constrained wp-block-group-is-layout-constrained\" style=\"margin-top:var(--wp--preset--spacing--40);margin-bottom:var(--wp--preset--spacing--40);padding-top:0;padding-bottom:0\">\n<figure class=\"wp-block-image size-large\"><img loading=\"lazy\" decoding=\"async\" width=\"1024\" height=\"576\" src=\"https:\/\/logrono.wordcamp.org\/2025\/files\/2025\/04\/servicio-aula-matinal-1024x576.jpg\" alt=\"\" class=\"wp-image-1648\" srcset=\"https:\/\/logrono.wordcamp.org\/2025\/files\/2025\/04\/servicio-aula-matinal-1024x576.jpg 1024w, https:\/\/logrono.wordcamp.org\/2025\/files\/2025\/04\/servicio-aula-matinal-300x169.jpg 300w, https:\/\/logrono.wordcamp.org\/2025\/files\/2025\/04\/servicio-aula-matinal-768x432.jpg 768w, https:\/\/logrono.wordcamp.org\/2025\/files\/2025\/04\/servicio-aula-matinal-500x281.jpg 500w, https:\/\/logrono.wordcamp.org\/2025\/files\/2025\/04\/servicio-aula-matinal.jpg 1080w\" sizes=\"auto, (max-width: 1024px) 100vw, 1024px\" \/><\/figure>\n\n\n\n<p class=\"wp-block-paragraph\">\u00bfSab\u00edas que las WordCamps no solo son para los profesionales tech, sino tambi\u00e9n para sus peque\u00f1os aprendices? \u00a1Exactamente!&nbsp;<strong>Tu pasi\u00f3n por WordPress puede convertirse en una experiencia familiar<\/strong>, y queremos que lo vivas de esa manera.<\/p>\n<\/div>\n\n\n\n<div class=\"wp-block-group has-global-padding is-layout-constrained wp-block-group-is-layout-constrained\" style=\"margin-top:var(--wp--preset--spacing--40);margin-bottom:var(--wp--preset--spacing--40)\">\n<h2 class=\"wp-block-heading has-large-font-size\" style=\"margin-bottom:var(--wp--preset--spacing--30)\"><strong>\u00a1Hola familias WordPresseras!&nbsp;\ud83c\udf1f<\/strong><\/h2>\n\n\n\n<p class=\"wp-block-paragraph\">Comprendemos que, despu\u00e9s de una semana agitada de trabajo, muchos de vosotros esper\u00e1is con ansias ese tiempo especial de calidad con la familia durante el fin de semana. Y, sinceramente,&nbsp;<strong>no queremos que elijas entre tu amor por WordPress y tu tiempo con tus hijos<\/strong>.<\/p>\n\n\n\n<p class=\"wp-block-paragraph\">Por eso, si te est\u00e1s preguntando \u201c\u00bfY qu\u00e9 hago con mis hijos?\u201d, \u00a1tenemos la respuesta! Este a\u00f1o, en colaboraci\u00f3n con\u00a0<a href=\"https:\/\/www.mueveteconbea.com\/\" target=\"_blank\" rel=\"noreferrer noopener\"><strong>Mu\u00e9vete con Bea<\/strong><\/a>, expertos en crear momentos m\u00e1gicos para los m\u00e1s peque\u00f1os durante eventos, hemos preparado un espacio \u00fanico para los peque\u00f1os WordPresseros. S\u00ed, has le\u00eddo bien. Un espacio donde ellos pueden jugar, aprender y socializar mientras t\u00fa te sumerges en el fascinante mundo de WordPress.<\/p>\n\n\n\n<p class=\"wp-block-paragraph\"><strong>As\u00ed que, \u00a1animaos y traed a vuestros hijos a la pr\u00f3xima WordCamp!<\/strong>&nbsp;Tendr\u00e1n un d\u00eda tan productivo y divertido como el tuyo. Ser\u00e1 una excelente forma de unir familia y pasi\u00f3n, y \u00bfqui\u00e9n sabe? Quiz\u00e1 inspire a tus hijos a ser los futuros genios de WordPress. \ud83d\ude80<\/p>\n\n\n\n<div class=\"wp-block-group has-global-padding is-layout-constrained wp-block-group-is-layout-constrained\" style=\"margin-top:var(--wp--preset--spacing--40);margin-bottom:var(--wp--preset--spacing--40)\"><\/div>\n<\/div>\n\n\n\n<div class=\"wp-block-group has-global-padding is-layout-constrained wp-block-group-is-layout-constrained\">\n<h2 class=\"wp-block-heading has-large-font-size\" style=\"margin-bottom:var(--wp--preset--spacing--30)\"><strong>\u00bfEn qu\u00e9 consiste el servicio de Ludoteca?<\/strong><\/h2>\n\n\n\n<p class=\"wp-block-paragraph\">Los ni\u00f1os y ni\u00f1as contar\u00e1n durante toda la jornada con monitoras que har\u00e1n que este d\u00eda sea divertido y especial.<\/p>\n\n\n\n<p class=\"wp-block-paragraph\">La ludoteca se divide en varios rincones de juego, permitiendo que cada ni\u00f1o o ni\u00f1a elija su actividad favorita. Pueden sumergirse en el mundo de la imaginaci\u00f3n en el rinc\u00f3n juego simb\u00f3lico, dar rienda suelta a su creatividad en el rinc\u00f3n creativo, o sumergirse en fascinantes historias en el rinc\u00f3n de lectura. Adem\u00e1s a lo largo de la jornada se realizar\u00e1 un taller de crear chapas, juegos de grupo y cine.<\/p>\n<\/div>\n\n\n\n<figure class=\"wp-block-pullquote has-background has-medium-font-size\" style=\"border-radius:0px;background-color:#ffe9c2;margin-top:var(--wp--preset--spacing--10);margin-bottom:var(--wp--preset--spacing--10);padding-top:var(--wp--preset--spacing--10);padding-right:var(--wp--preset--spacing--10);padding-bottom:var(--wp--preset--spacing--10);padding-left:var(--wp--preset--spacing--10)\"><blockquote><p>\u26a0\ufe0f Este servicio est\u00e1 dise\u00f1ado espec\u00edficamente para ni\u00f1os de&nbsp;<strong>entre 4 y 12 a\u00f1os<\/strong>. Si tu hijo no se encuentra dentro de este rango de edad, te pedimos que te pongas en<br>contacto con nosotros para valorar las posibles opciones con nuestros monitores.<\/p><\/blockquote><\/figure>\n\n\n\n<h2 class=\"wp-block-heading\"><strong>Inscripci\u00f3n gratuita<\/strong>&nbsp;\ud83c\udf81<\/h2>\n\n\n\n<p class=\"wp-block-paragraph\">La&nbsp;<strong>inscripci\u00f3n previa<\/strong>&nbsp;es esencial. Es importante que nos informes con antelaci\u00f3n sobre el n\u00famero de ni\u00f1os que asistir\u00e1n, ya que esto determinar\u00e1 el n\u00famero de monitores necesarios.<\/p>\n\n\n\n<p class=\"wp-block-paragraph\">\ud83d\udc49<strong>AL ADQUIRIR TU ENTRADA, ASEG\u00daRATE DE MARCAR ESTA OPCI\u00d3N EN EL PROCESO DE INSCRIPCI\u00d3N.<\/strong><\/p>\n\n\n\n<p class=\"wp-block-paragraph\"><strong>Este servicio est\u00e1 completamente financiado<\/strong>&nbsp;por los organizadores del evento, lo que significa que no incurrir\u00e1s en ning\u00fan gasto adicional al comprar tu entrada.<\/p>\n\n\n\n<p class=\"wp-block-paragraph\">Recuerda: lo m\u00e1s valioso que puedes traer son tus ganas de&nbsp;<strong>colaborar, compartir, aprender<\/strong>&nbsp;y, por supuesto, tu&nbsp;<strong>buen humor<\/strong>.<\/p>\n\n\n\n<p class=\"wp-block-paragraph\"><strong>\u00a1Esperamos veros a todos all\u00ed!<\/strong><\/p>\n\n\n\n<p class=\"wp-block-paragraph\"><\/p>\n","protected":false},"excerpt":{"rendered":"<p>Ludoteca WordCamp Logro\u00f1o 2025 \u00bfSab\u00edas que las WordCamps no solo son para los profesionales tech, sino tambi\u00e9n para sus peque\u00f1os aprendices? \u00a1Exactamente!&nbsp;Tu pasi\u00f3n por WordPress puede convertirse en una experiencia familiar, y queremos que lo vivas de esa manera. \u00a1Hola familias WordPresseras!&nbsp;\ud83c\udf1f Comprendemos que, despu\u00e9s de una semana agitada de trabajo, muchos de vosotros esper\u00e1is [&hellip;]<\/p>\n","protected":false},"author":23230587,"featured_media":0,"parent":0,"menu_order":0,"comment_status":"closed","ping_status":"closed","template":"","meta":{"_crdt_document":"","jetpack_post_was_ever_published":false,"footnotes":""},"class_list":["post-1647","page","type-page","status-publish","hentry"],"jetpack_sharing_enabled":true,"_links":{"self":[{"href":"https:\/\/logrono.wordcamp.org\/2025\/wp-json\/wp\/v2\/pages\/1647","targetHints":{"allow":["GET"]}}],"collection":[{"href":"https:\/\/logrono.wordcamp.org\/2025\/wp-json\/wp\/v2\/pages"}],"about":[{"href":"https:\/\/logrono.wordcamp.org\/2025\/wp-json\/wp\/v2\/types\/page"}],"author":[{"embeddable":true,"href":"https:\/\/logrono.wordcamp.org\/2025\/wp-json\/wp\/v2\/users\/23230587"}],"replies":[{"embeddable":true,"href":"https:\/\/logrono.wordcamp.org\/2025\/wp-json\/wp\/v2\/comments?post=1647"}],"version-history":[{"count":7,"href":"https:\/\/logrono.wordcamp.org\/2025\/wp-json\/wp\/v2\/pages\/1647\/revisions"}],"predecessor-version":[{"id":2240,"href":"https:\/\/logrono.wordcamp.org\/2025\/wp-json\/wp\/v2\/pages\/1647\/revisions\/2240"}],"wp:attachment":[{"href":"https:\/\/logrono.wordcamp.org\/2025\/wp-json\/wp\/v2\/media?parent=1647"}],"curies":[{"name":"wp","href":"https:\/\/api.w.org\/{rel}","templated":true}]}}