{"id":13,"date":"2025-02-10T22:06:35","date_gmt":"2025-02-10T21:06:35","guid":{"rendered":"https:\/\/logrono.wordcamp.org\/2025\/?page_id=13"},"modified":"2025-05-25T09:44:04","modified_gmt":"2025-05-25T07:44:04","slug":"comprar-entradas","status":"publish","type":"page","link":"https:\/\/logrono.wordcamp.org\/2025\/comprar-entradas\/","title":{"rendered":"Comprar entradas"},"content":{"rendered":"\n<div class=\"wp-block-group alignfull clip-hero has-custom-bg-beige-background-color has-background has-global-padding is-layout-constrained wp-container-core-group-is-layout-8a2b1b76 wp-block-group-is-layout-constrained\" style=\"padding-top:var(--wp--preset--spacing--50);padding-right:var(--wp--preset--spacing--50);padding-bottom:var(--wp--preset--spacing--50);padding-left:var(--wp--preset--spacing--50)\">\n<div class=\"wp-block-group has-global-padding is-layout-constrained wp-container-core-group-is-layout-2bf980eb wp-block-group-is-layout-constrained\">\n<h1 class=\"wp-block-heading has-text-align-center has-xx-large-font-size\">Entradas WordCamp Logro\u00f1o<\/h1>\n\n\n\n<div style=\"height:1.25rem\" aria-hidden=\"true\" class=\"wp-block-spacer\"><\/div>\n\n\n\n<p class=\"has-text-align-center has-contrast-2-color has-text-color has-link-color wp-elements-794543804deb33391e245f4e1031b4a1 wp-block-paragraph\">WordCamp Logro\u00f1o 2025<\/p>\n<\/div>\n<\/div>\n\n\n\n<div style=\"height:40px\" aria-hidden=\"true\" class=\"wp-block-spacer\"><\/div>\n\n\n\n<h2 class=\"wp-block-heading\">Entradas <a href=\"https:\/\/x.com\/search?q=%23WCLOGRO%C3%91O&amp;src=hashtag_click\">#WCLOGRO\u00d1O25<\/a><\/h2>\n\n\n<a href=\"https:\/\/logrono.wordcamp.org\/2025\/comprar-entradas\/\">Por favor, ve esta p\u00e1gina en un navegador para hacer una compra o gestionar entradas.<\/a>\n\n\n\n<p class=\"wp-block-paragraph\"><em>Las entradas&nbsp;<strong>NO son reembolsables<\/strong>, salvo que posteriormente a tu compra hayas sido seleccionado como organizador, voluntario, ponente o patrocinador con derecho a una entrada gratuita.<\/em><\/p>\n\n\n\n<p class=\"wp-block-paragraph\">\u00bfNecesitas una factura? Aseg\u00farate de seleccionar la casilla \u2018Necesito una factura\u2019 al final del formulario de registro. Ten en cuenta que&nbsp;<strong>la factura no incluir\u00e1 IVA<\/strong>, ya que ser\u00e1 emitida por WordPress Community Support, PBC, con sede en San Francisco, CA, EE. UU.<\/p>\n","protected":false},"excerpt":{"rendered":"<p>Entradas WordCamp Logro\u00f1o WordCamp Logro\u00f1o 2025 Entradas #WCLOGRO\u00d1O25 Las entradas&nbsp;NO son reembolsables, salvo que posteriormente a tu compra hayas sido seleccionado como organizador, voluntario, ponente o patrocinador con derecho a una entrada gratuita. \u00bfNecesitas una factura? Aseg\u00farate de seleccionar la casilla \u2018Necesito una factura\u2019 al final del formulario de registro. Ten en cuenta que&nbsp;la factura [&hellip;]<\/p>\n","protected":false},"author":15779632,"featured_media":0,"parent":0,"menu_order":0,"comment_status":"closed","ping_status":"closed","template":"","meta":{"_crdt_document":"","jetpack_post_was_ever_published":false,"footnotes":""},"class_list":["post-13","page","type-page","status-publish","hentry"],"jetpack_sharing_enabled":true,"_links":{"self":[{"href":"https:\/\/logrono.wordcamp.org\/2025\/wp-json\/wp\/v2\/pages\/13","targetHints":{"allow":["GET"]}}],"collection":[{"href":"https:\/\/logrono.wordcamp.org\/2025\/wp-json\/wp\/v2\/pages"}],"about":[{"href":"https:\/\/logrono.wordcamp.org\/2025\/wp-json\/wp\/v2\/types\/page"}],"author":[{"embeddable":true,"href":"https:\/\/logrono.wordcamp.org\/2025\/wp-json\/wp\/v2\/users\/15779632"}],"replies":[{"embeddable":true,"href":"https:\/\/logrono.wordcamp.org\/2025\/wp-json\/wp\/v2\/comments?post=13"}],"version-history":[{"count":11,"href":"https:\/\/logrono.wordcamp.org\/2025\/wp-json\/wp\/v2\/pages\/13\/revisions"}],"predecessor-version":[{"id":2201,"href":"https:\/\/logrono.wordcamp.org\/2025\/wp-json\/wp\/v2\/pages\/13\/revisions\/2201"}],"wp:attachment":[{"href":"https:\/\/logrono.wordcamp.org\/2025\/wp-json\/wp\/v2\/media?parent=13"}],"curies":[{"name":"wp","href":"https:\/\/api.w.org\/{rel}","templated":true}]}}