{"id":11,"date":"2024-06-27T15:35:48","date_gmt":"2024-06-27T13:35:48","guid":{"rendered":"https:\/\/logrono.wordcamp.org\/2025\/location\/"},"modified":"2025-01-20T23:12:28","modified_gmt":"2025-01-20T22:12:28","slug":"ubicacion","status":"publish","type":"page","link":"https:\/\/logrono.wordcamp.org\/2025\/ubicacion\/","title":{"rendered":"Ubicaci\u00f3n"},"content":{"rendered":"\n<div class=\"wp-block-group alignfull clip-hero has-custom-bg-beige-background-color has-background has-global-padding is-layout-constrained wp-block-group-is-layout-constrained\" style=\"padding-top:var(--wp--preset--spacing--50);padding-bottom:var(--wp--preset--spacing--50)\"><h1 class=\"has-text-align-center wp-block-post-title has-xx-large-font-size\">Ubicaci\u00f3n<\/h1><\/div>\n\n\n\n<div class=\"wp-block-group is-vertical is-layout-flex wp-container-core-group-is-layout-49f6928c wp-block-group-is-layout-flex\" style=\"padding-top:var(--wp--preset--spacing--50);padding-bottom:var(--wp--preset--spacing--50)\">\n<div class=\"wp-block-columns are-vertically-aligned-center is-layout-flex wp-container-core-columns-is-layout-3a88641f wp-block-columns-is-layout-flex\">\n<div class=\"wp-block-column is-vertically-aligned-center is-layout-flow wp-block-column-is-layout-flow\" style=\"flex-basis:60%\">\n<div class=\"wp-block-group is-vertical is-layout-flex wp-container-core-group-is-layout-7c98d980 wp-block-group-is-layout-flex\">\n<h2 class=\"wp-block-heading\">Centro de la Cultura del Rioja<\/h2>\n\n\n\n<p class=\"wp-block-paragraph\">\ud83d\udccdMercaderes, 9 26001 Logro\u00f1o, La Rioja.<\/p>\n\n\n\n<p class=\"wp-block-paragraph\">El <strong>Centro de la Cultura del Rioja<\/strong> (CCR) es un espacio municipal dedicado a la promoci\u00f3n de la Cultura del Vino de Rioja. Ubicado en pleno Camino de Santiago, entre las calles R\u00faa Vieja, Mercaderes y Marqu\u00e9s de San Nicol\u00e1s, forma parte del \u00abtri\u00e1ngulo de oro\u00bb del enoturismo en Logro\u00f1o.<\/p>\n\n\n\n<p class=\"wp-block-paragraph\">Situado en la hist\u00f3rica \u00abCasa de la Virgen\u00bb, el CCR combina elementos del siglo XVI con una arquitectura moderna, destacando su botellero de cristal y espacios como lagares, calados y salas de catas. Con m\u00e1s de 3.500 m2, es un referente cultural que impulsa el casco hist\u00f3rico y la tradici\u00f3n vitivin\u00edcola de la regi\u00f3n.<\/p>\n<\/div>\n<\/div>\n\n\n\n<div class=\"wp-block-column is-vertically-aligned-center is-layout-flow wp-block-column-is-layout-flow\" style=\"flex-basis:40%\"><figure class=\"wp-block-post-featured-image\"><img loading=\"lazy\" decoding=\"async\" width=\"512\" height=\"514\" src=\"https:\/\/logrono.wordcamp.org\/2025\/files\/2024\/12\/hero-image.png\" class=\"attachment-post-thumbnail size-post-thumbnail wp-post-image\" alt=\"\" style=\"object-fit:cover;\" srcset=\"https:\/\/logrono.wordcamp.org\/2025\/files\/2024\/12\/hero-image.png 512w, https:\/\/logrono.wordcamp.org\/2025\/files\/2024\/12\/hero-image-300x300.png 300w, https:\/\/logrono.wordcamp.org\/2025\/files\/2024\/12\/hero-image-150x150.png 150w, https:\/\/logrono.wordcamp.org\/2025\/files\/2024\/12\/hero-image-299x300.png 299w\" sizes=\"auto, (max-width: 512px) 100vw, 512px\" \/><\/figure><\/div>\n<\/div>\n<\/div>\n\n\n\n<div class=\"wp-block-columns is-layout-flex wp-container-core-columns-is-layout-3a88641f wp-block-columns-is-layout-flex\">\n<div class=\"wp-block-column is-layout-flow wp-block-column-is-layout-flow\" style=\"flex-basis:100%\">\n<div class=\"wp-block-group is-vertical is-layout-flex wp-container-core-group-is-layout-261c014e wp-block-group-is-layout-flex\">\n<h2 class=\"wp-block-heading\">Ubicaci\u00f3n<\/h2>\n\n\n\n<p class=\"wp-block-paragraph\">\ud83d\udccdMercaderes, 9 26001 Logro\u00f1o, La Rioja Espa\u00f1a<\/p>\n\n\n\n<div class=\"googlemaps\">\n\t\t\t\t<iframe loading=\"lazy\" width=\"100\" height=\"450\" frameborder=\"0\" scrolling=\"no\" marginheight=\"0\" marginwidth=\"0\"  src=\"https:\/\/www.google.com\/maps\/embed?pb=!1m18!1m12!1m3!1d2943.122562494945!2d-2.4481718244080453!3d42.46768192829623!2m3!1f0!2f0!3f0!3m2!1i1024!2i768!4f13.1!3m3!1m2!1s0xd5aab45b1e39501:0x2a94268d896244ce!2sCentro%20de%20la%20Cultura%20del%20Rioja!5e0!3m2!1ses-419!2sar!4v1734634723525!5m2!1ses-419!2sar\"><\/iframe>\n\t\t\t<\/div>\n<\/div>\n<\/div>\n<\/div>\n","protected":false},"excerpt":{"rendered":"<p>Centro de la Cultura del Rioja \ud83d\udccdMercaderes, 9 26001 Logro\u00f1o, La Rioja. El Centro de la Cultura del Rioja (CCR) es un espacio municipal dedicado a la promoci\u00f3n de la Cultura del Vino de Rioja. Ubicado en pleno Camino de Santiago, entre las calles R\u00faa Vieja, Mercaderes y Marqu\u00e9s de San Nicol\u00e1s, forma parte del [&hellip;]<\/p>\n","protected":false},"author":15779632,"featured_media":450,"parent":0,"menu_order":0,"comment_status":"closed","ping_status":"closed","template":"","meta":{"_crdt_document":"","jetpack_post_was_ever_published":false,"footnotes":""},"class_list":["post-11","page","type-page","status-publish","has-post-thumbnail","hentry"],"jetpack_sharing_enabled":true,"_links":{"self":[{"href":"https:\/\/logrono.wordcamp.org\/2025\/wp-json\/wp\/v2\/pages\/11","targetHints":{"allow":["GET"]}}],"collection":[{"href":"https:\/\/logrono.wordcamp.org\/2025\/wp-json\/wp\/v2\/pages"}],"about":[{"href":"https:\/\/logrono.wordcamp.org\/2025\/wp-json\/wp\/v2\/types\/page"}],"author":[{"embeddable":true,"href":"https:\/\/logrono.wordcamp.org\/2025\/wp-json\/wp\/v2\/users\/15779632"}],"replies":[{"embeddable":true,"href":"https:\/\/logrono.wordcamp.org\/2025\/wp-json\/wp\/v2\/comments?post=11"}],"version-history":[{"count":52,"href":"https:\/\/logrono.wordcamp.org\/2025\/wp-json\/wp\/v2\/pages\/11\/revisions"}],"predecessor-version":[{"id":1096,"href":"https:\/\/logrono.wordcamp.org\/2025\/wp-json\/wp\/v2\/pages\/11\/revisions\/1096"}],"wp:featuredmedia":[{"embeddable":true,"href":"https:\/\/logrono.wordcamp.org\/2025\/wp-json\/wp\/v2\/media\/450"}],"wp:attachment":[{"href":"https:\/\/logrono.wordcamp.org\/2025\/wp-json\/wp\/v2\/media?parent=11"}],"curies":[{"name":"wp","href":"https:\/\/api.w.org\/{rel}","templated":true}]}}