{"id":10,"date":"2024-06-27T15:35:48","date_gmt":"2024-06-27T13:35:48","guid":{"rendered":"https:\/\/logrono.wordcamp.org\/2025\/sponsors\/"},"modified":"2025-05-14T17:26:08","modified_gmt":"2025-05-14T15:26:08","slug":"patrocinadores","status":"publish","type":"page","link":"https:\/\/logrono.wordcamp.org\/2025\/patrocinadores\/","title":{"rendered":"Patrocinadores"},"content":{"rendered":"\n<div class=\"wp-block-group alignfull clip-hero has-custom-bg-beige-background-color has-background has-global-padding is-layout-constrained wp-container-core-group-is-layout-8a2b1b76 wp-block-group-is-layout-constrained\" style=\"padding-top:var(--wp--preset--spacing--50);padding-right:var(--wp--preset--spacing--50);padding-bottom:var(--wp--preset--spacing--50);padding-left:var(--wp--preset--spacing--50)\">\n<div class=\"wp-block-group has-global-padding is-layout-constrained wp-container-core-group-is-layout-2bf980eb wp-block-group-is-layout-constrained\">\n<h1 class=\"wp-block-heading has-text-align-center has-xx-large-font-size\">Patrocinadores<\/h1>\n\n\n\n<div style=\"height:1.25rem\" aria-hidden=\"true\" class=\"wp-block-spacer\"><\/div>\n\n\n\n<p class=\"has-text-align-center has-contrast-2-color has-text-color has-link-color wp-elements-794543804deb33391e245f4e1031b4a1 wp-block-paragraph\">WordCamp Logro\u00f1o 2025<\/p>\n<\/div>\n<\/div>\n\n\n\n<p class=\"wp-block-paragraph\">Los patrocinadores son una parte esencial de cualquier WordCamp, y en Logro\u00f1o no iba a ser diferente. Gracias a su apoyo, WordCamp Logro\u00f1o 2025 ser\u00e1 un evento accesible, inspirador y lleno de oportunidades para conectar, aprender y crecer juntos como comunidad.<\/p>\n\n\n\n<p class=\"wp-block-paragraph\">Su compromiso hace posible que profesionales, emprendedores y entusiastas del mundo digital podamos compartir conocimientos, afrontar nuevos retos y colaborar en un entorno cercano, acogedor y con ese toque especial que solo La Rioja sabe dar.<\/p>\n\n\n\n<p class=\"wp-block-paragraph\">\u00a1Gracias a todos los patrocinadores por hacer esto posible!<\/p>\n\n\n\n<div class=\"wp-block-group alignwide sponsors-group sponsors-group--gold has-global-padding is-layout-constrained wp-block-group-is-layout-constrained\">\n<h2 class=\"wp-block-heading\">Patrocinadores Oro<\/h2>\n\n\n\n<div class=\"wp-block-query is-layout-flow wp-block-query-is-layout-flow\"><ul class=\"columns-4 is-sponsors-grid wp-block-post-template is-layout-grid wp-container-core-post-template-is-layout-2ea5c018 wp-block-post-template-is-layout-grid\"><li class=\"wp-block-post post-1203 wcb_sponsor type-wcb_sponsor status-publish has-post-thumbnail hentry wcb_sponsor_level-oro\">\n<figure style=\"aspect-ratio:16\/9;\" class=\"wp-block-post-featured-image\"><a href=\"https:\/\/logrono.wordcamp.org\/2025\/sponsor\/arsys-internet-s-l-u\/\" target=\"_self\"  ><img loading=\"lazy\" decoding=\"async\" width=\"730\" height=\"328\" src=\"https:\/\/logrono.wordcamp.org\/2025\/files\/2025\/02\/logo-arsys.jpg\" class=\"attachment-post-thumbnail size-post-thumbnail wp-post-image\" alt=\"Arsys Internet S.L.U\" style=\"width:100%;height:100%;object-fit:contain;\" srcset=\"https:\/\/logrono.wordcamp.org\/2025\/files\/2025\/02\/logo-arsys.jpg 730w, https:\/\/logrono.wordcamp.org\/2025\/files\/2025\/02\/logo-arsys-300x135.jpg 300w, https:\/\/logrono.wordcamp.org\/2025\/files\/2025\/02\/logo-arsys-500x225.jpg 500w\" sizes=\"auto, (max-width: 730px) 100vw, 730px\" \/><\/a><\/figure>\n<\/li><li class=\"wp-block-post post-26 wcb_sponsor type-wcb_sponsor status-publish has-post-thumbnail hentry wcb_sponsor_level-oro\">\n<figure style=\"aspect-ratio:16\/9;\" class=\"wp-block-post-featured-image\"><a href=\"https:\/\/logrono.wordcamp.org\/2025\/sponsor\/bluehost\/\" target=\"_self\"  ><img loading=\"lazy\" decoding=\"async\" width=\"651\" height=\"137\" src=\"https:\/\/logrono.wordcamp.org\/2025\/files\/2024\/06\/bh_logo_2015.png\" class=\"attachment-post-thumbnail size-post-thumbnail wp-post-image\" alt=\"Bluehost\" style=\"width:100%;height:100%;object-fit:contain;\" srcset=\"https:\/\/logrono.wordcamp.org\/2025\/files\/2024\/06\/bh_logo_2015.png 651w, https:\/\/logrono.wordcamp.org\/2025\/files\/2024\/06\/bh_logo_2015-300x63.png 300w, https:\/\/logrono.wordcamp.org\/2025\/files\/2024\/06\/bh_logo_2015-500x105.png 500w\" sizes=\"auto, (max-width: 651px) 100vw, 651px\" \/><\/a><\/figure>\n<\/li><li class=\"wp-block-post post-1197 wcb_sponsor type-wcb_sponsor status-publish has-post-thumbnail hentry wcb_sponsor_level-oro\">\n<figure style=\"aspect-ratio:16\/9;\" class=\"wp-block-post-featured-image\"><a href=\"https:\/\/logrono.wordcamp.org\/2025\/sponsor\/hiberus\/\" target=\"_self\"  ><img loading=\"lazy\" decoding=\"async\" width=\"1920\" height=\"1080\" src=\"https:\/\/logrono.wordcamp.org\/2025\/files\/2025\/02\/180725_Hiberus_Azul.png\" class=\"attachment-post-thumbnail size-post-thumbnail wp-post-image\" alt=\"hiberus\" style=\"width:100%;height:100%;object-fit:contain;\" srcset=\"https:\/\/logrono.wordcamp.org\/2025\/files\/2025\/02\/180725_Hiberus_Azul.png 1920w, https:\/\/logrono.wordcamp.org\/2025\/files\/2025\/02\/180725_Hiberus_Azul-300x169.png 300w, https:\/\/logrono.wordcamp.org\/2025\/files\/2025\/02\/180725_Hiberus_Azul-1024x576.png 1024w, https:\/\/logrono.wordcamp.org\/2025\/files\/2025\/02\/180725_Hiberus_Azul-768x432.png 768w, https:\/\/logrono.wordcamp.org\/2025\/files\/2025\/02\/180725_Hiberus_Azul-500x281.png 500w, https:\/\/logrono.wordcamp.org\/2025\/files\/2025\/02\/180725_Hiberus_Azul-1536x864.png 1536w\" sizes=\"auto, (max-width: 1920px) 100vw, 1920px\" \/><\/a><\/figure>\n<\/li><li class=\"wp-block-post post-1386 wcb_sponsor type-wcb_sponsor status-publish has-post-thumbnail hentry wcb_sponsor_level-oro\">\n<figure style=\"aspect-ratio:16\/9;\" class=\"wp-block-post-featured-image\"><a href=\"https:\/\/logrono.wordcamp.org\/2025\/sponsor\/a2-hosting\/\" target=\"_self\"  ><img loading=\"lazy\" decoding=\"async\" width=\"1920\" height=\"327\" src=\"https:\/\/logrono.wordcamp.org\/2025\/files\/2025\/03\/Hosting-logo-dark-landscape.png\" class=\"attachment-post-thumbnail size-post-thumbnail wp-post-image\" alt=\"hosting.com\" style=\"width:100%;height:100%;object-fit:contain;\" srcset=\"https:\/\/logrono.wordcamp.org\/2025\/files\/2025\/03\/Hosting-logo-dark-landscape.png 1920w, https:\/\/logrono.wordcamp.org\/2025\/files\/2025\/03\/Hosting-logo-dark-landscape-300x51.png 300w, https:\/\/logrono.wordcamp.org\/2025\/files\/2025\/03\/Hosting-logo-dark-landscape-1024x174.png 1024w, https:\/\/logrono.wordcamp.org\/2025\/files\/2025\/03\/Hosting-logo-dark-landscape-768x131.png 768w, https:\/\/logrono.wordcamp.org\/2025\/files\/2025\/03\/Hosting-logo-dark-landscape-500x85.png 500w, https:\/\/logrono.wordcamp.org\/2025\/files\/2025\/03\/Hosting-logo-dark-landscape-1536x262.png 1536w\" sizes=\"auto, (max-width: 1920px) 100vw, 1920px\" \/><\/a><\/figure>\n<\/li><li class=\"wp-block-post post-2310 wcb_sponsor type-wcb_sponsor status-publish has-post-thumbnail hentry wcb_sponsor_level-oro\">\n<figure style=\"aspect-ratio:16\/9;\" class=\"wp-block-post-featured-image\"><a href=\"https:\/\/logrono.wordcamp.org\/2025\/sponsor\/kinsta\/\" target=\"_self\"  ><img loading=\"lazy\" decoding=\"async\" width=\"349\" height=\"184\" src=\"https:\/\/logrono.wordcamp.org\/2025\/files\/2025\/04\/kinsta.png\" class=\"attachment-post-thumbnail size-post-thumbnail wp-post-image\" alt=\"Kinsta\" style=\"width:100%;height:100%;object-fit:contain;\" srcset=\"https:\/\/logrono.wordcamp.org\/2025\/files\/2025\/04\/kinsta.png 349w, https:\/\/logrono.wordcamp.org\/2025\/files\/2025\/04\/kinsta-300x158.png 300w\" sizes=\"auto, (max-width: 349px) 100vw, 349px\" \/><\/a><\/figure>\n<\/li><li class=\"wp-block-post post-1209 wcb_sponsor type-wcb_sponsor status-publish has-post-thumbnail hentry wcb_sponsor_level-oro\">\n<figure style=\"aspect-ratio:16\/9;\" class=\"wp-block-post-featured-image\"><a href=\"https:\/\/logrono.wordcamp.org\/2025\/sponsor\/lucushost\/\" target=\"_self\"  ><img loading=\"lazy\" decoding=\"async\" width=\"650\" height=\"260\" src=\"https:\/\/logrono.wordcamp.org\/2025\/files\/2025\/02\/logo-lucushost-1.png\" class=\"attachment-post-thumbnail size-post-thumbnail wp-post-image\" alt=\"LucusHost\" style=\"width:100%;height:100%;object-fit:contain;\" srcset=\"https:\/\/logrono.wordcamp.org\/2025\/files\/2025\/02\/logo-lucushost-1.png 650w, https:\/\/logrono.wordcamp.org\/2025\/files\/2025\/02\/logo-lucushost-1-300x120.png 300w, https:\/\/logrono.wordcamp.org\/2025\/files\/2025\/02\/logo-lucushost-1-500x200.png 500w\" sizes=\"auto, (max-width: 650px) 100vw, 650px\" \/><\/a><\/figure>\n<\/li><li class=\"wp-block-post post-1206 wcb_sponsor type-wcb_sponsor status-publish has-post-thumbnail hentry wcb_sponsor_level-oro\">\n<figure style=\"aspect-ratio:16\/9;\" class=\"wp-block-post-featured-image\"><a href=\"https:\/\/logrono.wordcamp.org\/2025\/sponsor\/sysprovider-sl\/\" target=\"_self\"  ><img loading=\"lazy\" decoding=\"async\" width=\"500\" height=\"200\" src=\"https:\/\/logrono.wordcamp.org\/2025\/files\/2025\/02\/LOGO_SYSPROVIDER_DEGRADADO.png\" class=\"attachment-post-thumbnail size-post-thumbnail wp-post-image\" alt=\"SYSPROVIDER SL\" style=\"width:100%;height:100%;object-fit:contain;\" srcset=\"https:\/\/logrono.wordcamp.org\/2025\/files\/2025\/02\/LOGO_SYSPROVIDER_DEGRADADO.png 500w, https:\/\/logrono.wordcamp.org\/2025\/files\/2025\/02\/LOGO_SYSPROVIDER_DEGRADADO-300x120.png 300w\" sizes=\"auto, (max-width: 500px) 100vw, 500px\" \/><\/a><\/figure>\n<\/li><li class=\"wp-block-post post-1200 wcb_sponsor type-wcb_sponsor status-publish has-post-thumbnail hentry wcb_sponsor_level-oro\">\n<figure style=\"aspect-ratio:16\/9;\" class=\"wp-block-post-featured-image\"><a href=\"https:\/\/logrono.wordcamp.org\/2025\/sponsor\/tesys-internet-s-l-u\/\" target=\"_self\"  ><img loading=\"lazy\" decoding=\"async\" width=\"900\" height=\"550\" src=\"https:\/\/logrono.wordcamp.org\/2025\/files\/2025\/02\/piensa-solutions-logo.png\" class=\"attachment-post-thumbnail size-post-thumbnail wp-post-image\" alt=\"Tesys Internet S.L.U\" style=\"width:100%;height:100%;object-fit:contain;\" srcset=\"https:\/\/logrono.wordcamp.org\/2025\/files\/2025\/02\/piensa-solutions-logo.png 900w, https:\/\/logrono.wordcamp.org\/2025\/files\/2025\/02\/piensa-solutions-logo-300x183.png 300w, https:\/\/logrono.wordcamp.org\/2025\/files\/2025\/02\/piensa-solutions-logo-768x469.png 768w, https:\/\/logrono.wordcamp.org\/2025\/files\/2025\/02\/piensa-solutions-logo-491x300.png 491w\" sizes=\"auto, (max-width: 900px) 100vw, 900px\" \/><\/a><\/figure>\n<\/li><\/ul><\/div>\n\n\n\n<div class=\"wp-block-query is-layout-flow wp-block-query-is-layout-flow\"><ul class=\"columns-4 is-sponsors-grid wp-block-post-template is-layout-grid wp-container-core-post-template-is-layout-2ea5c018 wp-block-post-template-is-layout-grid\"><li class=\"wp-block-post post-1300 wcb_sponsor type-wcb_sponsor status-publish has-post-thumbnail hentry wcb_sponsor_level-oro-global\">\n<figure style=\"aspect-ratio:16\/9;\" class=\"wp-block-post-featured-image\"><a href=\"https:\/\/logrono.wordcamp.org\/2025\/sponsor\/raiola-networks-sl\/\" target=\"_self\"  ><img loading=\"lazy\" decoding=\"async\" width=\"408\" height=\"208\" src=\"https:\/\/logrono.wordcamp.org\/2025\/files\/2025\/02\/wczgz25-Raiola-Networks-patros-oro.webp\" class=\"attachment-post-thumbnail size-post-thumbnail wp-post-image\" alt=\"Raiola Networks SL\" style=\"width:100%;height:100%;object-fit:contain;\" srcset=\"https:\/\/logrono.wordcamp.org\/2025\/files\/2025\/02\/wczgz25-Raiola-Networks-patros-oro.webp 408w, https:\/\/logrono.wordcamp.org\/2025\/files\/2025\/02\/wczgz25-Raiola-Networks-patros-oro-300x153.webp 300w\" sizes=\"auto, (max-width: 408px) 100vw, 408px\" \/><\/a><\/figure>\n<\/li><li class=\"wp-block-post post-28 wcb_sponsor type-wcb_sponsor status-publish has-post-thumbnail hentry wcb_sponsor_level-oro-global\">\n<figure style=\"aspect-ratio:16\/9;\" class=\"wp-block-post-featured-image\"><a href=\"https:\/\/logrono.wordcamp.org\/2025\/sponsor\/woo\/\" target=\"_self\"  ><img loading=\"lazy\" decoding=\"async\" width=\"2560\" height=\"1308\" src=\"https:\/\/logrono.wordcamp.org\/2025\/files\/2025\/03\/Woo_logo_color.png\" class=\"attachment-post-thumbnail size-post-thumbnail wp-post-image\" alt=\"Woo\" style=\"width:100%;height:100%;object-fit:contain;\" srcset=\"https:\/\/logrono.wordcamp.org\/2025\/files\/2025\/03\/Woo_logo_color.png 2560w, https:\/\/logrono.wordcamp.org\/2025\/files\/2025\/03\/Woo_logo_color-300x153.png 300w, https:\/\/logrono.wordcamp.org\/2025\/files\/2025\/03\/Woo_logo_color-1024x523.png 1024w, https:\/\/logrono.wordcamp.org\/2025\/files\/2025\/03\/Woo_logo_color-768x392.png 768w, https:\/\/logrono.wordcamp.org\/2025\/files\/2025\/03\/Woo_logo_color-500x255.png 500w, https:\/\/logrono.wordcamp.org\/2025\/files\/2025\/03\/Woo_logo_color-1536x785.png 1536w, https:\/\/logrono.wordcamp.org\/2025\/files\/2025\/03\/Woo_logo_color-2048x1046.png 2048w\" sizes=\"auto, (max-width: 2560px) 100vw, 2560px\" \/><\/a><\/figure>\n<\/li><li class=\"wp-block-post post-22 wcb_sponsor type-wcb_sponsor status-publish has-post-thumbnail hentry wcb_sponsor_level-oro-global\">\n<figure style=\"aspect-ratio:16\/9;\" class=\"wp-block-post-featured-image\"><a href=\"https:\/\/logrono.wordcamp.org\/2025\/sponsor\/automattic\/\" target=\"_self\"  ><img loading=\"lazy\" decoding=\"async\" width=\"2500\" height=\"713\" src=\"https:\/\/logrono.wordcamp.org\/2025\/files\/2025\/03\/Copy-of-wordpressdotcom_lockup-black.png\" class=\"attachment-post-thumbnail size-post-thumbnail wp-post-image\" alt=\"WordPress.com\" style=\"width:100%;height:100%;object-fit:contain;\" srcset=\"https:\/\/logrono.wordcamp.org\/2025\/files\/2025\/03\/Copy-of-wordpressdotcom_lockup-black.png 2500w, https:\/\/logrono.wordcamp.org\/2025\/files\/2025\/03\/Copy-of-wordpressdotcom_lockup-black-300x86.png 300w, https:\/\/logrono.wordcamp.org\/2025\/files\/2025\/03\/Copy-of-wordpressdotcom_lockup-black-1024x292.png 1024w, https:\/\/logrono.wordcamp.org\/2025\/files\/2025\/03\/Copy-of-wordpressdotcom_lockup-black-768x219.png 768w, https:\/\/logrono.wordcamp.org\/2025\/files\/2025\/03\/Copy-of-wordpressdotcom_lockup-black-500x143.png 500w, https:\/\/logrono.wordcamp.org\/2025\/files\/2025\/03\/Copy-of-wordpressdotcom_lockup-black-1536x438.png 1536w, https:\/\/logrono.wordcamp.org\/2025\/files\/2025\/03\/Copy-of-wordpressdotcom_lockup-black-2048x584.png 2048w\" sizes=\"auto, (max-width: 2500px) 100vw, 2500px\" \/><\/a><\/figure>\n<\/li><\/ul><\/div>\n<\/div>\n\n\n\n<div class=\"wp-block-group alignwide sponsors-group has-global-padding is-layout-constrained wp-block-group-is-layout-constrained\">\n<h2 class=\"wp-block-heading\">Patrocinadores Plata<\/h2>\n\n\n\n<div class=\"wp-block-query is-layout-flow wp-block-query-is-layout-flow\"><ul class=\"columns-4 is-sponsors-grid wp-block-post-template is-layout-grid wp-container-core-post-template-is-layout-2ea5c018 wp-block-post-template-is-layout-grid\"><li class=\"wp-block-post post-1516 wcb_sponsor type-wcb_sponsor status-publish has-post-thumbnail hentry wcb_sponsor_level-plata\">\n<figure style=\"aspect-ratio:16\/9;\" class=\"wp-block-post-featured-image\"><a href=\"https:\/\/logrono.wordcamp.org\/2025\/sponsor\/omnisend\/\" target=\"_self\"  ><img loading=\"lazy\" decoding=\"async\" width=\"563\" height=\"81\" src=\"https:\/\/logrono.wordcamp.org\/2025\/files\/2025\/03\/omnisend_logo_dark.png\" class=\"attachment-post-thumbnail size-post-thumbnail wp-post-image\" alt=\"Omnisend\" style=\"width:100%;height:100%;object-fit:contain;\" srcset=\"https:\/\/logrono.wordcamp.org\/2025\/files\/2025\/03\/omnisend_logo_dark.png 563w, https:\/\/logrono.wordcamp.org\/2025\/files\/2025\/03\/omnisend_logo_dark-300x43.png 300w, https:\/\/logrono.wordcamp.org\/2025\/files\/2025\/03\/omnisend_logo_dark-500x72.png 500w\" sizes=\"auto, (max-width: 563px) 100vw, 563px\" \/><\/a><\/figure>\n<\/li><li class=\"wp-block-post post-2328 wcb_sponsor type-wcb_sponsor status-publish has-post-thumbnail hentry wcb_sponsor_level-plata\">\n<figure style=\"aspect-ratio:16\/9;\" class=\"wp-block-post-featured-image\"><a href=\"https:\/\/logrono.wordcamp.org\/2025\/sponsor\/sdi-digital-group\/\" target=\"_self\"  ><img loading=\"lazy\" decoding=\"async\" width=\"1081\" height=\"609\" src=\"https:\/\/logrono.wordcamp.org\/2025\/files\/2025\/04\/SDi-Logo-Base.png\" class=\"attachment-post-thumbnail size-post-thumbnail wp-post-image\" alt=\"SDI Digital Group\" style=\"width:100%;height:100%;object-fit:contain;\" srcset=\"https:\/\/logrono.wordcamp.org\/2025\/files\/2025\/04\/SDi-Logo-Base.png 1081w, https:\/\/logrono.wordcamp.org\/2025\/files\/2025\/04\/SDi-Logo-Base-300x169.png 300w, https:\/\/logrono.wordcamp.org\/2025\/files\/2025\/04\/SDi-Logo-Base-1024x577.png 1024w, https:\/\/logrono.wordcamp.org\/2025\/files\/2025\/04\/SDi-Logo-Base-768x433.png 768w, https:\/\/logrono.wordcamp.org\/2025\/files\/2025\/04\/SDi-Logo-Base-500x282.png 500w\" sizes=\"auto, (max-width: 1081px) 100vw, 1081px\" \/><\/a><\/figure>\n<\/li><\/ul><\/div>\n<\/div>\n\n\n\n<div class=\"wp-block-group alignwide sponsors-group has-global-padding is-layout-constrained wp-block-group-is-layout-constrained\">\n<h2 class=\"wp-block-heading\">Patrocinadores Locales<\/h2>\n\n\n\n<div class=\"wp-block-query is-layout-flow wp-block-query-is-layout-flow\"><ul class=\"columns-4 is-sponsors-grid wp-block-post-template is-layout-grid wp-container-core-post-template-is-layout-2ea5c018 wp-block-post-template-is-layout-grid\"><li class=\"wp-block-post post-1303 wcb_sponsor type-wcb_sponsor status-publish has-post-thumbnail hentry wcb_sponsor_level-local\">\n<figure style=\"aspect-ratio:16\/9;\" class=\"wp-block-post-featured-image\"><a href=\"https:\/\/logrono.wordcamp.org\/2025\/sponsor\/educaplay\/\" target=\"_self\"  ><img loading=\"lazy\" decoding=\"async\" width=\"310\" height=\"163\" src=\"https:\/\/logrono.wordcamp.org\/2025\/files\/2025\/02\/educaplay.png\" class=\"attachment-post-thumbnail size-post-thumbnail wp-post-image\" alt=\"Educaplay\" style=\"width:100%;height:100%;object-fit:contain;\" srcset=\"https:\/\/logrono.wordcamp.org\/2025\/files\/2025\/02\/educaplay.png 310w, https:\/\/logrono.wordcamp.org\/2025\/files\/2025\/02\/educaplay-300x158.png 300w\" sizes=\"auto, (max-width: 310px) 100vw, 310px\" \/><\/a><\/figure>\n<\/li><li class=\"wp-block-post post-1213 wcb_sponsor type-wcb_sponsor status-publish has-post-thumbnail hentry wcb_sponsor_level-local\">\n<figure style=\"aspect-ratio:16\/9;\" class=\"wp-block-post-featured-image\"><a href=\"https:\/\/logrono.wordcamp.org\/2025\/sponsor\/modular-ds\/\" target=\"_self\"  ><img loading=\"lazy\" decoding=\"async\" width=\"400\" height=\"100\" src=\"https:\/\/logrono.wordcamp.org\/2025\/files\/2025\/02\/Logo-Modular.webp\" class=\"attachment-post-thumbnail size-post-thumbnail wp-post-image\" alt=\"Modular DS\" style=\"width:100%;height:100%;object-fit:contain;\" srcset=\"https:\/\/logrono.wordcamp.org\/2025\/files\/2025\/02\/Logo-Modular.webp 400w, https:\/\/logrono.wordcamp.org\/2025\/files\/2025\/02\/Logo-Modular-300x75.webp 300w\" sizes=\"auto, (max-width: 400px) 100vw, 400px\" \/><\/a><\/figure>\n<\/li><\/ul><\/div>\n<\/div>\n\n\n\n<div class=\"wp-block-group alignwide sponsors-group hidden has-global-padding is-layout-constrained wp-block-group-is-layout-constrained\">\n<h2 class=\"wp-block-heading\">Patrocinador Ludoteca<\/h2>\n\n\n\n<div class=\"wp-block-query is-layout-flow wp-block-query-is-layout-flow\"><\/div>\n<\/div>\n\n\n\n<div style=\"height:24px\" aria-hidden=\"true\" class=\"wp-block-spacer\"><\/div>\n\n\n\n<div class=\"wp-block-group has-global-padding is-layout-constrained wp-block-group-is-layout-constrained\">\n<h2 class=\"wp-block-heading\">Colaboradores<\/h2>\n\n\n\n<div class=\"wp-block-group is-sponsors-grid is-layout-grid wp-container-core-group-is-layout-2ea5c018 wp-block-group-is-layout-grid\">\n<figure class=\"wp-block-image size-large is-partner-logo wp-container-content-e269605d\"><a href=\"https:\/\/stickerapp.es\/\" target=\"_blank\" rel=\" noreferrer noopener\"><img loading=\"lazy\" decoding=\"async\" width=\"1024\" height=\"686\" src=\"https:\/\/logrono.wordcamp.org\/2025\/files\/2025\/04\/sticker-app-1024x686.png\" alt=\"Sticker App\" class=\"wp-image-1829\" srcset=\"https:\/\/logrono.wordcamp.org\/2025\/files\/2025\/04\/sticker-app-1024x686.png 1024w, https:\/\/logrono.wordcamp.org\/2025\/files\/2025\/04\/sticker-app-300x201.png 300w, https:\/\/logrono.wordcamp.org\/2025\/files\/2025\/04\/sticker-app-768x515.png 768w, https:\/\/logrono.wordcamp.org\/2025\/files\/2025\/04\/sticker-app-448x300.png 448w, https:\/\/logrono.wordcamp.org\/2025\/files\/2025\/04\/sticker-app-1536x1029.png 1536w, https:\/\/logrono.wordcamp.org\/2025\/files\/2025\/04\/sticker-app.png 2048w\" sizes=\"auto, (max-width: 1024px) 100vw, 1024px\" \/><\/a><\/figure>\n\n\n\n<figure class=\"wp-block-image size-full is-partner-logo\"><a href=\"https:\/\/bitkeeper.es\/\" target=\"_blank\" rel=\" noreferrer noopener\"><img loading=\"lazy\" decoding=\"async\" width=\"708\" height=\"211\" src=\"https:\/\/logrono.wordcamp.org\/2025\/files\/2025\/04\/bitkeeper.png\" alt=\"\" class=\"wp-image-1839\" srcset=\"https:\/\/logrono.wordcamp.org\/2025\/files\/2025\/04\/bitkeeper.png 708w, https:\/\/logrono.wordcamp.org\/2025\/files\/2025\/04\/bitkeeper-300x89.png 300w, https:\/\/logrono.wordcamp.org\/2025\/files\/2025\/04\/bitkeeper-500x149.png 500w\" sizes=\"auto, (max-width: 708px) 100vw, 708px\" \/><\/a><\/figure>\n\n\n\n<figure class=\"wp-block-image size-full is-partner-logo\"><a href=\"https:\/\/www.grupobillingham.com\/\" target=\"_blank\" rel=\" noreferrer noopener\"><img loading=\"lazy\" decoding=\"async\" width=\"451\" height=\"188\" src=\"https:\/\/logrono.wordcamp.org\/2025\/files\/2025\/04\/image.png\" alt=\"\" class=\"wp-image-2043\" srcset=\"https:\/\/logrono.wordcamp.org\/2025\/files\/2025\/04\/image.png 451w, https:\/\/logrono.wordcamp.org\/2025\/files\/2025\/04\/image-300x125.png 300w\" sizes=\"auto, (max-width: 451px) 100vw, 451px\" \/><\/a><\/figure>\n\n\n\n<figure class=\"wp-block-image size-full is-partner-logo\"><a href=\"https:\/\/escala.es\/\" target=\"_blank\" rel=\" noreferrer noopener\"><img loading=\"lazy\" decoding=\"async\" width=\"102\" height=\"58\" src=\"https:\/\/logrono.wordcamp.org\/2025\/files\/2025\/04\/LOGO_escala.jpg\" alt=\"\" class=\"wp-image-2110\" \/><\/a><\/figure>\n\n\n\n<figure class=\"wp-block-image size-full is-partner-logo\"><a href=\"https:\/\/bodegasramonbilbao.com\/\" target=\"_blank\" rel=\" noreferrer noopener\"><img loading=\"lazy\" decoding=\"async\" width=\"300\" height=\"171\" src=\"https:\/\/logrono.wordcamp.org\/2025\/files\/2025\/04\/ramon-bilbao.png\" alt=\"\" class=\"wp-image-2112\" \/><\/a><\/figure>\n<\/div>\n<\/div>\n\n\n\n<p class=\"wp-block-paragraph\"><\/p>\n","protected":false},"excerpt":{"rendered":"<p>Patrocinadores WordCamp Logro\u00f1o 2025 Los patrocinadores son una parte esencial de cualquier WordCamp, y en Logro\u00f1o no iba a ser diferente. Gracias a su apoyo, WordCamp Logro\u00f1o 2025 ser\u00e1 un evento accesible, inspirador y lleno de oportunidades para conectar, aprender y crecer juntos como comunidad. Su compromiso hace posible que profesionales, emprendedores y entusiastas del [&hellip;]<\/p>\n","protected":false},"author":21165322,"featured_media":0,"parent":0,"menu_order":0,"comment_status":"closed","ping_status":"closed","template":"","meta":{"_crdt_document":"","jetpack_post_was_ever_published":false,"footnotes":""},"class_list":["post-10","page","type-page","status-publish","hentry"],"jetpack_sharing_enabled":true,"_links":{"self":[{"href":"https:\/\/logrono.wordcamp.org\/2025\/wp-json\/wp\/v2\/pages\/10","targetHints":{"allow":["GET"]}}],"collection":[{"href":"https:\/\/logrono.wordcamp.org\/2025\/wp-json\/wp\/v2\/pages"}],"about":[{"href":"https:\/\/logrono.wordcamp.org\/2025\/wp-json\/wp\/v2\/types\/page"}],"author":[{"embeddable":true,"href":"https:\/\/logrono.wordcamp.org\/2025\/wp-json\/wp\/v2\/users\/21165322"}],"replies":[{"embeddable":true,"href":"https:\/\/logrono.wordcamp.org\/2025\/wp-json\/wp\/v2\/comments?post=10"}],"version-history":[{"count":38,"href":"https:\/\/logrono.wordcamp.org\/2025\/wp-json\/wp\/v2\/pages\/10\/revisions"}],"predecessor-version":[{"id":2514,"href":"https:\/\/logrono.wordcamp.org\/2025\/wp-json\/wp\/v2\/pages\/10\/revisions\/2514"}],"wp:attachment":[{"href":"https:\/\/logrono.wordcamp.org\/2025\/wp-json\/wp\/v2\/media?parent=10"}],"curies":[{"name":"wp","href":"https:\/\/api.w.org\/{rel}","templated":true}]}}